{"id":278,"date":"2023-07-31T12:59:18","date_gmt":"2023-07-31T12:59:18","guid":{"rendered":"https:\/\/pause-beaute.be\/wordpress\/?page_id=278"},"modified":"2025-05-23T10:13:24","modified_gmt":"2025-05-23T10:13:24","slug":"tarifs","status":"publish","type":"page","link":"https:\/\/pause-beaute.be\/wordpress\/index.php\/tarifs\/","title":{"rendered":"Tarifs"},"content":{"rendered":"\n<p class=\"has-text-color\" style=\"color:#117068\"><strong>Nos soins visages&nbsp;<\/strong>:<\/p>\n\n\n\n<p><\/p>\n\n\n\n<p>Soin hydratation intense 60\u2019 : <strong>55 euros<\/strong><\/p>\n\n\n\n<p>Soin douceur divine (peau sensible) 60 \u2018 : <strong>55 euros<\/strong><\/p>\n\n\n\n<p>Soin confort absolu (peau mature) 60\u2019 : <strong> 55 euros<\/strong><\/p>\n\n\n\n<p>Soin perfect \u00e9quilibre (peau mixte) 60\u2019 : <strong>55 euros<\/strong><\/p>\n\n\n\n<p><\/p>\n\n\n\n<p class=\"has-text-color\" style=\"color:#117068\"><strong>Sp\u00e9cifiques<\/strong> :<\/p>\n\n\n\n<p>Soin extrait caviar : <strong>65 euros<\/strong><\/p>\n\n\n\n<p>Soin extrait collag\u00e8ne : <strong>65 euros<\/strong><\/p>\n\n\n\n<p>Soin extrait raisin : <strong>65 euros<\/strong><\/p>\n\n\n\n<p>Soin H2O : <strong>65 euros<\/strong><\/p>\n\n\n\n<p>Soin au Tea tree : <strong> 65 euros<\/strong><\/p>\n\n\n\n<p>Soin c\u00e9r\u00e9monie japonaise 60\u2019 \u00a0&#8211; massage des mains et des pieds inclus : <strong>75 euros<\/strong><\/p>\n\n\n\n<p>Soin botocure (\u00e0 base de botox) 60\u2019 : <strong>80 euros<\/strong><\/p>\n\n\n\n<p><\/p>\n\n\n\n<p class=\"has-text-color\" style=\"color:#117068\"><strong>Huiles v\u00e9g\u00e9tales \u00ab&nbsp;Bio&nbsp;\u00bb :<\/strong><\/p>\n\n\n\n<p>Huila d\u2019Argan\/Jojoba\/Bourrache 60\u2019 : <strong>70 euros<\/strong><\/p>\n\n\n\n<p><\/p>\n\n\n\n<p><em>Abonnement soins visage au choix 3+1 gratuit<\/em><\/p>\n\n\n\n<hr class=\"wp-block-separator has-alpha-channel-opacity\"\/>\n\n\n\n<p class=\"has-text-color\" style=\"color:#117068\"><strong>Soins corps<\/strong> :<\/p>\n\n\n\n<p>Gommage zen 30\u2019 : <strong>30 euros<\/strong><\/p>\n\n\n\n<p><em>Abonnement gommage 3+1 gratuit<\/em><\/p>\n\n\n\n<p><\/p>\n\n\n\n<p>Massage relax intense 50\u2019 : <strong>60 euros<\/strong><\/p>\n\n\n\n<p>Massage aux pierres chaudes 50\u2019 : <strong>65 euros<\/strong><\/p>\n\n\n\n<p>Massage \u00e0 la bougie 50\u2019 :  <strong>60 euros<\/strong><\/p>\n\n\n\n<p>Massage aux pochons d\u2019\u00e9pices 50\u2019 : <strong>65 euros<\/strong><\/p>\n\n\n\n<p>Massage \u00e0 l\u2019huile d\u2019Argan pure 50\u2019 : <strong>65 euros<\/strong><\/p>\n\n\n\n<p>Massage pour femme enceinte 60\u2019\u00a0 : <strong>65 euros<\/strong><\/p>\n\n\n\n<p>Massage duo complicit\u00e9 50\u2019 : <strong>100 euros<\/strong><\/p>\n\n\n\n<p>Soin du dos 25\u2019 : <strong>35 euros<\/strong><\/p>\n\n\n\n<p>Massage relaxant du dos 25\u2019\u00a0 : <strong>40 euros<\/strong><\/p>\n\n\n\n<p>Massage cr\u00e2nien 25\u2019\u00a0 : <strong>40 euros<\/strong><\/p>\n\n\n\n<p>Massage jambes lourdes 25\u2019 : <strong> 40 euros<\/strong><\/p>\n\n\n\n<p><em>Abonnement massage 3+1 gratuit<\/em><\/p>\n\n\n\n<hr class=\"wp-block-separator has-alpha-channel-opacity\"\/>\n\n\n\n<p class=\"has-text-color\" style=\"color:#117068\"><strong>Epilations<\/strong> :<\/p>\n\n\n\n<p>Sourcils : <strong>9 euros<\/strong><\/p>\n\n\n\n<p>L\u00e8vre sup\u00e9rieure\u00a0 : <strong>9 euros<\/strong><\/p>\n\n\n\n<p>Sourcils + l\u00e8vre sup\u00e9rieure : <strong>16 euros<\/strong><\/p>\n\n\n\n<p>Menton : <strong>9 euros<\/strong><\/p>\n\n\n\n<p>Visage (3 zones)\u00a0 : <strong> 25 euros<\/strong><\/p>\n\n\n\n<p>Tempes  : <strong>6 euros<\/strong><\/p>\n\n\n\n<p>Oreilles : <strong>6 euros<\/strong><\/p>\n\n\n\n<p>Nez\u00a0 : <strong>6 euros<\/strong><\/p>\n\n\n\n<p>Bras :  <strong>24 euros<\/strong><\/p>\n\n\n\n<p>Aisselles\u00a0 : <strong>15 euros<\/strong><\/p>\n\n\n\n<p>Mi-jambes : <strong>24 euros<\/strong><\/p>\n\n\n\n<p>Jambes enti\u00e8res : <strong>29 euros<\/strong><\/p>\n\n\n\n<p>Bikini normal : <strong>18 euros<\/strong><\/p>\n\n\n\n<p>Bikini int\u00e9gral :  <strong>21 euros<\/strong><\/p>\n\n\n\n<p>Entre fesses : <strong>6 euros<\/strong><\/p>\n\n\n\n<p>Fesses : <strong>17 euros<\/strong><\/p>\n\n\n\n<p>Maillot int\u00e9gral homme\u00a0 : <strong>31 euros<\/strong><\/p>\n\n\n\n<p>Bas du dos : <strong>14 euros<\/strong><\/p>\n\n\n\n<p>Dos : <strong>30 euros<\/strong><\/p>\n\n\n\n<p>Torse\u00a0 : <strong>30 euros<\/strong><\/p>\n\n\n\n<p>Ventre : <strong>14 euros<\/strong><\/p>\n\n\n\n<p>Ligne du ventre  : <strong>6 euros<\/strong><\/p>\n\n\n\n<p><em>Abonnement \u00e9pilation au choix 3+1 gratuite<\/em><\/p>\n\n\n\n<hr class=\"wp-block-separator has-alpha-channel-opacity\"\/>\n\n\n\n<p class=\"has-text-color\" style=\"color:#117068\"><strong>Soins des mains&nbsp;:<\/strong><\/p>\n\n\n\n<p>Manucure : <strong>20 euros<\/strong><\/p>\n\n\n\n<p>Pose de vernis permanent : <strong>27 euros<\/strong><\/p>\n\n\n\n<p>Spa manucure\u00a0 : <strong>30 euros<\/strong><\/p>\n\n\n\n<hr class=\"wp-block-separator has-alpha-channel-opacity\"\/>\n\n\n\n<p class=\"has-text-color\" style=\"color:#117068\"><strong>Modelage d\u2019ongles :<\/strong><\/p>\n\n\n\n<p>Pose de r\u00e9sine ou gel naturel : <strong>55 euros<\/strong><\/p>\n\n\n\n<p>Pose de r\u00e9sine ou gel (couleur) :  <strong>65 euros<\/strong><\/p>\n\n\n\n<p>Retouche (naturelle)\u00a0 : <strong>36 euros<\/strong><\/p>\n\n\n\n<p>Retouche (couleur)\u00a0 : <strong>45 euros<\/strong><\/p>\n\n\n\n<p>Renforcement ongulaire (fine couche)\u00a0 :  <strong>34 euros<\/strong><\/p>\n\n\n\n<p>Ongle cass\u00e9\u00a0 : <strong>3.5 euros<\/strong><\/p>\n\n\n\n<p>D\u00e9coration : \u00e0 partir de <strong>1 euro<\/strong><\/p>\n\n\n\n<p>Strass (5)\u00a0 :  <strong>1 euro<\/strong><\/p>\n\n\n\n<p>Refresh : <strong>27 euros<\/strong><\/p>\n\n\n\n<p>Babyboomer\u00a0 :  <strong>5 euros<\/strong><\/p>\n\n\n\n<hr class=\"wp-block-separator has-alpha-channel-opacity\"\/>\n\n\n\n<p class=\"has-text-color\" style=\"color:#117068\"><strong>Soins des pieds&nbsp;:<\/strong><\/p>\n\n\n\n<p>P\u00e9dicure m\u00e9dicale (possibilit\u00e9 \u00e0 domicile) :  <strong>28 euros<\/strong><\/p>\n\n\n\n<p>French p\u00e9dicure :  <strong>34 euros<\/strong><\/p>\n\n\n\n<p>Spa p\u00e9dicure : <strong>34 euros<\/strong><\/p>\n\n\n\n<p>R\u00e9flexologie (30\u2019)\u00a0 : <strong>45 euros<\/strong><\/p>\n\n\n\n<p>Abonnement p\u00e9dicure m\u00e9dicale 3+1 gratuite<\/p>\n\n\n\n<hr class=\"wp-block-separator has-alpha-channel-opacity\"\/>\n\n\n\n<p class=\"has-text-color\" style=\"color:#117068\"><strong>Touche beaut\u00e9&nbsp;:<\/strong><\/p>\n\n\n\n<p>Teinture cils\u00a0 : <strong>15 euros<\/strong><\/p>\n\n\n\n<p>Teinture sourcils\u00a0 : <strong>15 euros<\/strong><\/p>\n\n\n\n<p>Permanente cils\u00a0 : <strong>25 euros<\/strong><\/p>\n\n\n\n<p>Rehaussement de cils\u00a0\u00a0 :  <strong>75 euros<\/strong><\/p>\n\n\n\n<p>Pose extension de cils :  <strong>150 euros<\/strong><\/p>\n\n\n\n<p>Retouche volume russe (2 semaines) :  <strong>35 euros<\/strong><\/p>\n\n\n\n<p>Retouche volume russe (3 semaines)\u00a0 : <strong>55 euros<\/strong><\/p>\n\n\n\n<p>Spraytan\u00a0 : <strong>35 euros<\/strong><\/p>\n\n\n\n<hr class=\"wp-block-separator has-alpha-channel-opacity\"\/>\n\n\n\n<p class=\"has-text-color\" style=\"color:#117068\"><strong>Maquillage&nbsp;:<\/strong><\/p>\n\n\n\n<p>Maquillage jour\u00a0 : <strong>20 euros<\/strong><\/p>\n\n\n\n<p>Maquillage soir\u00e9e :  <strong>25 euros<\/strong><\/p>\n\n\n\n<p>Fixateur \u00e9clat : <strong>8 euros<\/strong><\/p>\n\n\n\n<p>Maquillage mari\u00e9e : <strong>30 euros<\/strong><\/p>\n\n\n\n<p>Essai maquillage\u00a0 : <strong>20 euros<\/strong><\/p>\n\n\n\n<hr class=\"wp-block-separator has-alpha-channel-opacity\"\/>\n\n\n\n<p class=\"has-text-color\" style=\"color:#117068\"><strong>Make up permanent&nbsp;:<\/strong><\/p>\n\n\n\n<p>Grain de beaut\u00e9\u00a0 : <strong>50 euros<\/strong><\/p>\n\n\n\n<p>Yeux (trait eyeliner inf\u00e9rieur)\u00a0 : <strong>195 euros<\/strong><\/p>\n\n\n\n<p>Yeux (trait eyeliner sup\u00e9rieur) : <strong>195 euros<\/strong><\/p>\n\n\n\n<p>Yeux (inf\u00e9rieur et sup\u00e9rieur) : <strong>400 euros<\/strong><\/p>\n\n\n\n<p>Sourcils :  <strong>295 euros<\/strong><\/p>\n\n\n\n<p>L\u00e8vres\u00a0 : <strong>295 euros<\/strong><\/p>\n\n\n\n<p>Microblading\u00a0 : <strong>180 euros<\/strong><\/p>\n\n\n\n<p>Retouche (1mois)\u00a0 :  <strong>25 euros<\/strong><\/p>\n\n\n\n<hr class=\"wp-block-separator has-alpha-channel-opacity\"\/>\n\n\n\n<p class=\"has-text-color\" style=\"color:#117068\"><strong>Forfait sp\u00e9cial mariage&nbsp;:<\/strong><\/p>\n\n\n\n<p>Soin visage \u2013 essai maquillage \u2013 maquillage mari\u00e9e \u2013 fixateur \u00e9clat  :  <em><strong>100 euros<\/strong><\/em><\/p>\n","protected":false},"excerpt":{"rendered":"<p>Nos soins visages&nbsp;: Soin hydratation intense 60\u2019 : 55 euros Soin douceur divine (peau sensible) 60 \u2018 : 55 euros Soin confort absolu (peau mature) &hellip; <\/p>\n","protected":false},"author":1,"featured_media":0,"parent":0,"menu_order":0,"comment_status":"closed","ping_status":"closed","template":"","meta":{"footnotes":""},"class_list":["post-278","page","type-page","status-publish","hentry"],"_links":{"self":[{"href":"https:\/\/pause-beaute.be\/wordpress\/index.php\/wp-json\/wp\/v2\/pages\/278","targetHints":{"allow":["GET"]}}],"collection":[{"href":"https:\/\/pause-beaute.be\/wordpress\/index.php\/wp-json\/wp\/v2\/pages"}],"about":[{"href":"https:\/\/pause-beaute.be\/wordpress\/index.php\/wp-json\/wp\/v2\/types\/page"}],"author":[{"embeddable":true,"href":"https:\/\/pause-beaute.be\/wordpress\/index.php\/wp-json\/wp\/v2\/users\/1"}],"replies":[{"embeddable":true,"href":"https:\/\/pause-beaute.be\/wordpress\/index.php\/wp-json\/wp\/v2\/comments?post=278"}],"version-history":[{"count":8,"href":"https:\/\/pause-beaute.be\/wordpress\/index.php\/wp-json\/wp\/v2\/pages\/278\/revisions"}],"predecessor-version":[{"id":332,"href":"https:\/\/pause-beaute.be\/wordpress\/index.php\/wp-json\/wp\/v2\/pages\/278\/revisions\/332"}],"wp:attachment":[{"href":"https:\/\/pause-beaute.be\/wordpress\/index.php\/wp-json\/wp\/v2\/media?parent=278"}],"curies":[{"name":"wp","href":"https:\/\/api.w.org\/{rel}","templated":true}]}}